{"id":191,"date":"2023-03-22T13:51:43","date_gmt":"2023-03-22T12:51:43","guid":{"rendered":"https:\/\/physio-katharina.at\/?page_id=191"},"modified":"2023-03-22T14:07:29","modified_gmt":"2023-03-22T13:07:29","slug":"datenschutzerklaerung-2","status":"publish","type":"page","link":"https:\/\/physio-katharina.at\/?page_id=191","title":{"rendered":"Datenschutzerkl\u00e4rung"},"content":{"rendered":"\t\t<div data-elementor-type=\"wp-page\" data-elementor-id=\"191\" class=\"elementor elementor-191\">\n\t\t\t\t\t\t\t\t\t<section class=\"elementor-section elementor-top-section elementor-element elementor-element-5399c98 elementor-section-boxed elementor-section-height-default elementor-section-height-default\" data-id=\"5399c98\" data-element_type=\"section\">\n\t\t\t\t\t\t<div class=\"elementor-container elementor-column-gap-default\">\n\t\t\t\t\t<div class=\"elementor-column elementor-col-100 elementor-top-column elementor-element elementor-element-c15b3c3\" data-id=\"c15b3c3\" data-element_type=\"column\">\n\t\t\t<div class=\"elementor-widget-wrap elementor-element-populated\">\n\t\t\t\t\t\t\t\t<div class=\"elementor-element elementor-element-cfeb7a5 elementor-widget elementor-widget-text-editor\" data-id=\"cfeb7a5\" data-element_type=\"widget\" data-widget_type=\"text-editor.default\">\n\t\t\t\t<div class=\"elementor-widget-container\">\n\t\t\t<style>\/*! elementor - v3.11.5 - 14-03-2023 *\/\n.elementor-widget-text-editor.elementor-drop-cap-view-stacked .elementor-drop-cap{background-color:#818a91;color:#fff}.elementor-widget-text-editor.elementor-drop-cap-view-framed .elementor-drop-cap{color:#818a91;border:3px solid;background-color:transparent}.elementor-widget-text-editor:not(.elementor-drop-cap-view-default) .elementor-drop-cap{margin-top:8px}.elementor-widget-text-editor:not(.elementor-drop-cap-view-default) .elementor-drop-cap-letter{width:1em;height:1em}.elementor-widget-text-editor .elementor-drop-cap{float:left;text-align:center;line-height:1;font-size:50px}.elementor-widget-text-editor .elementor-drop-cap-letter{display:inline-block}<\/style>\t\t\t\t<h3>Verantwortlich f\u00fcr die Datenverarbeitung<\/h3><p>Katharina H\u00f6randner, Phsiotherapeutin. 8443 Gleinst\u00e4tten 340.<\/p><h3>Zweck der Datenverarbeitung und Datenempf\u00e4nger<\/h3><p>Aufgrund des MTD-Gesetzes behandle ich Ihre mir anvertrauten Daten wie bisher vertraulich. Ihre Daten werden nur an Einrichtungen und Personen weitergegeben, die diese f\u00fcr die Erf\u00fcllung ihrer Aufgaben unbedingt ben\u00f6tigen (z.B. zuweisende \u00c4rzt:innen, Krankenh\u00f6user, Rehazentren, Krankenkassen, Kostentr\u00e4ger d\u00fce die Abrechnung, Personen des interdisziplin\u00e4ren Teams wie Physiotherapeut:innen, Ergotherapeut:innen, Logop\u00e4d:innen; Steuerberaterin, Finanzamt, Vermieter meines Praxisraumes), dies erfolgt in Absprache mit Ihnen.<\/p><p>Zu den Gesundheitsdaten z\u00e4hle ich Informationen, die auf einer \u00e4rztlichen Verordnung aufgef\u00fchrt sind und \u00e4rztliche und therapeutische Befunde und Berichte.<\/p><p>Die Erhebung von Gesundheitsdaten ist Voraussetzung f\u00fcr Ihre Behandlung. Diese notwendigen Informationen ben\u00f6tige ich, um eine sorgf\u00e4ltige Behandlung durchf\u00fchren zu k\u00f6nnen.<\/p><h3>Speicherung Ihrer Daten<\/h3><p>Ihre personenbezogenen Daten werden nur solange gespeichert, wie dies zur Erf\u00fcllung der Aufgabe erforderlich ist. Aufgrund rechtlicher Vorgaben bin ich dazu verpflichtet, diese Daten mindestens uehn Jahre nach Abschluss der Behandlung aufzubewahren. Nach gewissen Vorschriften k\u00f6nnen sich l\u00e4ngere Aufbewahrungsfristen ergeben.<\/p>\t\t\t\t\t\t<\/div>\n\t\t\t\t<\/div>\n\t\t\t\t\t<\/div>\n\t\t<\/div>\n\t\t\t\t\t\t\t<\/div>\n\t\t<\/section>\n\t\t\t\t\t\t\t<\/div>\n\t\t","protected":false},"excerpt":{"rendered":"<p>Verantwortlich f\u00fcr die Datenverarbeitung Katharina H\u00f6randner, Phsiotherapeutin. 8443 Gleinst\u00e4tten 340. Zweck der Datenverarbeitung und Datenempf\u00e4nger Aufgrund des MTD-Gesetzes behandle ich Ihre mir anvertrauten Daten wie bisher vertraulich. Ihre Daten werden nur an Einrichtungen und Personen weitergegeben, die diese f\u00fcr die Erf\u00fcllung ihrer Aufgaben unbedingt ben\u00f6tigen (z.B. zuweisende \u00c4rzt:innen, Krankenh\u00f6user, Rehazentren, Krankenkassen, Kostentr\u00e4ger d\u00fce die Abrechnung, [&hellip;]<\/p>\n","protected":false},"author":2,"featured_media":0,"parent":0,"menu_order":0,"comment_status":"closed","ping_status":"closed","template":"","meta":{"footnotes":""},"class_list":["post-191","page","type-page","status-publish","hentry"],"_links":{"self":[{"href":"https:\/\/physio-katharina.at\/index.php?rest_route=\/wp\/v2\/pages\/191","targetHints":{"allow":["GET"]}}],"collection":[{"href":"https:\/\/physio-katharina.at\/index.php?rest_route=\/wp\/v2\/pages"}],"about":[{"href":"https:\/\/physio-katharina.at\/index.php?rest_route=\/wp\/v2\/types\/page"}],"author":[{"embeddable":true,"href":"https:\/\/physio-katharina.at\/index.php?rest_route=\/wp\/v2\/users\/2"}],"replies":[{"embeddable":true,"href":"https:\/\/physio-katharina.at\/index.php?rest_route=%2Fwp%2Fv2%2Fcomments&post=191"}],"version-history":[{"count":7,"href":"https:\/\/physio-katharina.at\/index.php?rest_route=\/wp\/v2\/pages\/191\/revisions"}],"predecessor-version":[{"id":205,"href":"https:\/\/physio-katharina.at\/index.php?rest_route=\/wp\/v2\/pages\/191\/revisions\/205"}],"wp:attachment":[{"href":"https:\/\/physio-katharina.at\/index.php?rest_route=%2Fwp%2Fv2%2Fmedia&parent=191"}],"curies":[{"name":"wp","href":"https:\/\/api.w.org\/{rel}","templated":true}]}}